{"id":68,"date":"2015-09-16T08:57:34","date_gmt":"2015-09-16T08:57:34","guid":{"rendered":"http:\/\/mapgroup.apps-1and1.net\/?page_id=68"},"modified":"2016-03-15T14:29:56","modified_gmt":"2016-03-15T13:29:56","slug":"impressum","status":"publish","type":"page","link":"http:\/\/mapgroup.apps-1and1.net\/it\/impressum","title":{"rendered":"Informazione legale"},"content":{"rendered":"<div id=\"apDiv46\">\n<p style=\"text-align: justify;\"><span style=\"color: #000000;\">Marketing Partners Management GmbH<\/span><br \/>\n<span style=\"color: #000000;\"> Motzener Str. 6a <\/span><\/p>\n<p><span style=\"color: #000000;\">12277 Berlin<\/span><\/p>\n<p style=\"text-align: justify;\"><span style=\"color: #000000;\">E-Mail: <a href=\"mailto:info@map-group.de\">info@map-group.de<\/a><\/span><\/p>\n<p><\/br><\/p>\n<p style=\"text-align: justify;\"><span style=\"color: #000000;\">Rappresentante autorizzato: Koehn, Matthias<\/span><br \/>\n<span style=\"color: #000000;\"> Tribunale: Berlino Charlottenburg<\/span><\/p>\n<\/div>\n<p>Partita IVA: DE233967202 <\/p>\n<p><\/br><\/p>\n<h1 style=\"text-align: justify;\"><strong>Limitazione di responsabilit\u00e0:<\/strong><\/h1>\n<h2 style=\"text-align: justify;\"><strong>1. Contenuto dell&#8217;offerta online <\/strong><\/h2>\n<p style=\"text-align: justify;\">L&#8217;autore non si assume alcuna responsabilit\u00e0 per l&#8217;attualit\u00e0, la correttezza, la completezza o qualit\u00e0 delle informazioni fornite. Sono escluse rivendicazioni di responsabilit\u00e0 contro l&#8217;autore di natura materiale o immateriale causati dall&#8217;uso o il disuso di informazioni o l&#8217;uso di informazioni inesatte o incomplete, a meno che l&#8217;autore non sia dolo o detenga grave colpa. Tutte le offerte sono non vincolanti. L&#8217;autore si riserva il diritto di modificare parti o l&#8217;intera offerta senza alcun preavviso, aggiungere, eliminare o cessare la pubblicazione temporaneamente o permanentemente.<\/p>\n<h2 style=\"text-align: justify;\"><strong>2. Riferimenti e link <\/strong><\/h2>\n<p style=\"text-align: justify;\">Con riferimenti diretti o indiretti a siti esterni (&#8220;hyperlink&#8221;) che si trovano al di fuori della responsabilit\u00e0 dell&#8217;autore, la responsabilit\u00e0 entra in vigore nel caso in cui l&#8217;autore del contenuto ha la conoscenza ed \u00e8 tecnicamente possibile e sarebbe ragionevole per impedire l&#8217;uso di contenuti illegali.<br \/>\nL&#8217;autore dichiara espressamente che, al momento del collegamento, nessun contenuto illegale sulle pagine linkate \u00e8 stato identificato. Sulla struttura attuale e futura, sui contenuti o la paternit\u00e0 delle pagine linkate \/ collegate l&#8217;autore non ha alcuna influenza. <br \/>\nPertanto, egli si allontana da tutti i contenuti di tutti i siti linkati \/ collegati che sono stati modificati dopo l\u00b4impostazione link. Questa dichiarazione vale per tutti i propri riferimenti e collegamenti Internet, nonch\u00e9 per le voci straniere in libri degli ospiti, forum di discussione, elenchi di link, mailing lista in tutte le altre forme di banche dati a cui \u00e8 possibile l&#8217;accesso esterno. Per contenuti illegali, errati o incompleti e in particolare per i danni derivanti dall&#8217;utilizzo o non utilizzo di tali informazioni, spetta esclusivamente al fornitore della pagina cui riferimento non \u00e8 stato chi ha legato a queste pagine.<\/p>\n<h2 style=\"text-align: justify;\"><strong>3. Diritto d&#8217;autore e diritto dei marchi <\/strong><\/h2>\n<p style=\"text-align: justify;\">L&#8217;autore si impegna a rispettare i diritti d&#8217;autore delle immagini, grafici, file audio, sequenze video e testi, per usare le sue stesse immagini, grafica, file audio, sequenze video e testi o di utilizzare la grafica, audio, sequenze video e testi con licenza libera. Tutti i citati su Internet eventualmente protetti da terzi i marchi di fabbrica sottostanno in assoluto alle disposizioni del diritto dei marchi e dei diritti di propriet\u00e0 dei rispettivi proprietari registrati. La sola menzione non trae la conclusione che i marchi non sono protetti dalla legge di terzi! Il copyright, per qualsiasi materiale creato dall&#8217;autore stesso, rimane l&#8217;unico sull&#8217;autore della pagina. Qualsiasi riproduzione o uso di grafica, clip audio e video e testi in altre pubblicazioni elettroniche o stampate non \u00e8 consentita senza l&#8217;esplicito permesso dell&#8217;autore.<\/p>\n<h2 style=\"text-align: justify;\"><strong>4. Tutela della privacy <\/strong><\/h2>\n<p style=\"text-align: justify;\">Se \u00e8 data la possibilit\u00e0 di inserire dati personali o aziendali (indirizzi e-mail, nomi, indirizzi), all&#8217;interno del sito web, la divulgazione di tali dati da parte dell&#8217;utente si svolge su base volontaria. L&#8217;utilizzo e il pagamento di tutti i servizi offerti &#8211; se possibile e ragionevole tecnicamente \u2013 sono permessi, anche senza la divulgazione di tali dati o fornendo dati anonimi o di uno pseudonimo. \u00c8 vietato l&#8217;uso dei dati di contatto pubblicati sotto il FAQ e condizioni o informazioni comparabili, come indirizzi postali, numeri di telefono o fax e indirizzi e-mail per l&#8217;invio di informazioni non richieste. Azioni legali contro i mittenti di messaggi di spam in violazione di tale divieto sono espressamente riservate.<\/p>\n<h2 style=\"text-align: justify;\"><strong>5. Validit\u00e0 legale della presente esclusione di responsabilit\u00e0 <\/strong><\/h2>\n<p style=\"text-align: justify;\">Questa responsabilit\u00e0 \u00e8 da considerarsi parte integrante della pubblicazione internet che \u00e8 stata rimandata a questa pagina. Se parti o singole formulazioni di questo testo non, non pi\u00f9 o non completamente corrispondono, le restanti parti del documento rimangono invariate nel loro contenuto e validit\u00e0.<\/p>\n<h2 style=\"text-align: justify;\"><strong>6. Immagini e grafica<\/strong><\/h2>\n<p style=\"text-align: justify;\"> sono unicamente a scopo illustrativo e non \u00e8 dato il permesso di scaricarle.<\/p>\n","protected":false},"excerpt":{"rendered":"<p>Marketing Partners Management GmbH Motzener Str. 6a 12277 Berlin E-Mail: info@map-group.de Rappresentante autorizzato: Koehn, Matthias Tribunale: Berlino Charlottenburg Partita IVA: DE233967202 Limitazione di responsabilit\u00e0: 1. Contenuto dell&#8217;offerta online L&#8217;autore non si assume alcuna responsabilit\u00e0 per l&#8217;attualit\u00e0, la correttezza, la completezza o qualit\u00e0 delle informazioni fornite. Sono escluse rivendicazioni di responsabilit\u00e0 contro l&#8217;autore di natura materiale [&hellip;]<\/p>\n","protected":false},"author":1,"featured_media":0,"parent":0,"menu_order":0,"comment_status":"closed","ping_status":"closed","template":"","meta":{"_exactmetrics_skip_tracking":false,"_exactmetrics_sitenote_active":false,"_exactmetrics_sitenote_note":"","_exactmetrics_sitenote_category":0,"footnotes":""},"class_list":["post-68","page","type-page","status-publish","hentry"],"translation":{"provider":"WPGlobus","version":"3.0.2","language":"it","enabled_languages":["de","it"],"languages":{"de":{"title":true,"content":true,"excerpt":false},"it":{"title":true,"content":true,"excerpt":false}}},"yoast_head":"<!-- This site is optimized with the Yoast SEO plugin v27.5 - https:\/\/yoast.com\/product\/yoast-seo-wordpress\/ -->\n<title>Informazione legale - MAP Group<\/title>\n<meta name=\"robots\" content=\"noindex, follow\" \/>\n<meta property=\"og:locale\" content=\"it_IT\" \/>\n<meta property=\"og:type\" content=\"article\" \/>\n<meta property=\"og:title\" content=\"Informazione legale - MAP Group\" \/>\n<meta property=\"og:url\" content=\"http:\/\/mapgroup.apps-1and1.net\/impressum\" \/>\n<meta property=\"og:site_name\" content=\"MAP Group\" \/>\n<meta property=\"article:modified_time\" content=\"2016-03-15T13:29:56+00:00\" \/>\n<meta name=\"twitter:card\" content=\"summary_large_image\" \/>\n<meta name=\"twitter:label1\" content=\"Est. reading time\" \/>\n\t<meta name=\"twitter:data1\" content=\"8 minutes\" \/>\n<script type=\"application\/ld+json\" class=\"yoast-schema-graph\">{\"@context\":\"https:\\\/\\\/schema.org\",\"@graph\":[{\"@type\":\"WebPage\",\"@id\":\"http:\\\/\\\/mapgroup.apps-1and1.net\\\/impressum\",\"url\":\"http:\\\/\\\/mapgroup.apps-1and1.net\\\/impressum\",\"name\":\"Informazione legale - MAP Group\",\"isPartOf\":{\"@id\":\"http:\\\/\\\/mapgroup.apps-1and1.net\\\/#website\"},\"datePublished\":\"2015-09-16T08:57:34+00:00\",\"dateModified\":\"2016-03-15T13:29:56+00:00\",\"breadcrumb\":{\"@id\":\"http:\\\/\\\/mapgroup.apps-1and1.net\\\/impressum#breadcrumb\"},\"inLanguage\":\"it-IT\",\"potentialAction\":[{\"@type\":\"ReadAction\",\"target\":[\"http:\\\/\\\/mapgroup.apps-1and1.net\\\/impressum\"]}]},{\"@type\":\"BreadcrumbList\",\"@id\":\"http:\\\/\\\/mapgroup.apps-1and1.net\\\/impressum#breadcrumb\",\"itemListElement\":[{\"@type\":\"ListItem\",\"position\":1,\"name\":\"Home\",\"item\":\"http:\\\/\\\/mapgroup.apps-1and1.net\\\/\"},{\"@type\":\"ListItem\",\"position\":2,\"name\":\"Impressum\"}]},{\"@type\":\"WebSite\",\"@id\":\"http:\\\/\\\/mapgroup.apps-1and1.net\\\/#website\",\"url\":\"http:\\\/\\\/mapgroup.apps-1and1.net\\\/\",\"name\":\"MAP Group\",\"description\":\"Beteiligungen und Konzepte\",\"potentialAction\":[{\"@type\":\"SearchAction\",\"target\":{\"@type\":\"EntryPoint\",\"urlTemplate\":\"http:\\\/\\\/mapgroup.apps-1and1.net\\\/?s={search_term_string}\"},\"query-input\":{\"@type\":\"PropertyValueSpecification\",\"valueRequired\":true,\"valueName\":\"search_term_string\"}}],\"inLanguage\":\"it-IT\"}]}<\/script>\n<!-- \/ Yoast SEO plugin. -->","yoast_head_json":{"title":"Informazione legale - MAP Group","robots":{"index":"noindex","follow":"follow"},"og_locale":"it_IT","og_type":"article","og_title":"Informazione legale - MAP Group","og_url":"http:\/\/mapgroup.apps-1and1.net\/impressum","og_site_name":"MAP Group","article_modified_time":"2016-03-15T13:29:56+00:00","twitter_card":"summary_large_image","twitter_misc":{"Est. reading time":"8 minutes"},"schema":{"@context":"https:\/\/schema.org","@graph":[{"@type":"WebPage","@id":"http:\/\/mapgroup.apps-1and1.net\/impressum","url":"http:\/\/mapgroup.apps-1and1.net\/impressum","name":"Informazione legale - MAP Group","isPartOf":{"@id":"http:\/\/mapgroup.apps-1and1.net\/#website"},"datePublished":"2015-09-16T08:57:34+00:00","dateModified":"2016-03-15T13:29:56+00:00","breadcrumb":{"@id":"http:\/\/mapgroup.apps-1and1.net\/impressum#breadcrumb"},"inLanguage":"it-IT","potentialAction":[{"@type":"ReadAction","target":["http:\/\/mapgroup.apps-1and1.net\/impressum"]}]},{"@type":"BreadcrumbList","@id":"http:\/\/mapgroup.apps-1and1.net\/impressum#breadcrumb","itemListElement":[{"@type":"ListItem","position":1,"name":"Home","item":"http:\/\/mapgroup.apps-1and1.net\/"},{"@type":"ListItem","position":2,"name":"Impressum"}]},{"@type":"WebSite","@id":"http:\/\/mapgroup.apps-1and1.net\/#website","url":"http:\/\/mapgroup.apps-1and1.net\/","name":"MAP Group","description":"Beteiligungen und Konzepte","potentialAction":[{"@type":"SearchAction","target":{"@type":"EntryPoint","urlTemplate":"http:\/\/mapgroup.apps-1and1.net\/?s={search_term_string}"},"query-input":{"@type":"PropertyValueSpecification","valueRequired":true,"valueName":"search_term_string"}}],"inLanguage":"it-IT"}]}},"_links":{"self":[{"href":"http:\/\/mapgroup.apps-1and1.net\/it\/wp-json\/wp\/v2\/pages\/68","targetHints":{"allow":["GET"]}}],"collection":[{"href":"http:\/\/mapgroup.apps-1and1.net\/it\/wp-json\/wp\/v2\/pages"}],"about":[{"href":"http:\/\/mapgroup.apps-1and1.net\/it\/wp-json\/wp\/v2\/types\/page"}],"author":[{"embeddable":true,"href":"http:\/\/mapgroup.apps-1and1.net\/it\/wp-json\/wp\/v2\/users\/1"}],"replies":[{"embeddable":true,"href":"http:\/\/mapgroup.apps-1and1.net\/it\/wp-json\/wp\/v2\/comments?post=68"}],"version-history":[{"count":72,"href":"http:\/\/mapgroup.apps-1and1.net\/it\/wp-json\/wp\/v2\/pages\/68\/revisions"}],"predecessor-version":[{"id":179,"href":"http:\/\/mapgroup.apps-1and1.net\/it\/wp-json\/wp\/v2\/pages\/68\/revisions\/179"}],"wp:attachment":[{"href":"http:\/\/mapgroup.apps-1and1.net\/it\/wp-json\/wp\/v2\/media?parent=68"}],"curies":[{"name":"wp","href":"https:\/\/api.w.org\/{rel}","templated":true}]}}