{"id":241,"date":"2015-10-19T14:16:50","date_gmt":"2015-10-19T12:16:50","guid":{"rendered":"http:\/\/mapgroup.apps-1and1.net\/?page_id=241"},"modified":"2016-04-26T08:51:43","modified_gmt":"2016-04-26T06:51:43","slug":"unsere-partner","status":"publish","type":"page","link":"http:\/\/mapgroup.apps-1and1.net\/it\/unsere-partner","title":{"rendered":"I nostri partner"},"content":{"rendered":"<p style=\"text-align: justify;\"><span style=\"color: #000000;\">Partner esperti con i migliori nel settore: il gruppo MAP lavora insieme a partner altamente qualificati da settori differenti. Gli esperti beneficiano della vostra competenza, pluriennale esperienza e dei contatti dei partner. Perci\u00f2 \u00e8 emersa una rete affidabile e unica, che nel campo dell&#8217;innovazione \u00e8 una delle migliori in Germania.<\/span><\/p>\n<\/p>\n<h2>I nostri partner di sviluppo<\/h2>\n<p><a href=\"http:\/\/sterione.mrkonline.de\/\" target=\"_blank\"><img loading=\"lazy\" decoding=\"async\" class=\"alignleft wp-image-248 size-medium\" src=\"http:\/\/map-group.mrkonline.de\/wp-content\/uploads\/2015\/10\/SteriOne-f\u00fcr-Partner1-300x45.jpg\" alt=\"SteriOne\" width=\"300\" height=\"45\" srcset=\"http:\/\/mapgroup.apps-1and1.net\/wp-content\/uploads\/2015\/10\/SteriOne-f\u00fcr-Partner1-300x45.jpg 300w, http:\/\/mapgroup.apps-1and1.net\/wp-content\/uploads\/2015\/10\/SteriOne-f\u00fcr-Partner1-250x38.jpg 250w, http:\/\/mapgroup.apps-1and1.net\/wp-content\/uploads\/2015\/10\/SteriOne-f\u00fcr-Partner1.jpg 480w\" sizes=\"auto, (max-width: 300px) 100vw, 300px\" \/><\/a><\/p>\n<p><a href=\"http:\/\/geh\u00e4usebau.mrkonline.de\/\" target=\"_blank\"><img loading=\"lazy\" decoding=\"async\" class=\"alignleft wp-image-245 size-medium\" src=\"http:\/\/map-group.mrkonline.de\/wp-content\/uploads\/2015\/10\/Mrk-f\u00fcr-Partner-300x73.png\" alt=\"Mrk f\u00fcr Partner\" width=\"300\" height=\"73\" srcset=\"http:\/\/mapgroup.apps-1and1.net\/wp-content\/uploads\/2015\/10\/Mrk-f\u00fcr-Partner-300x73.png 300w, http:\/\/mapgroup.apps-1and1.net\/wp-content\/uploads\/2015\/10\/Mrk-f\u00fcr-Partner-250x61.png 250w, http:\/\/mapgroup.apps-1and1.net\/wp-content\/uploads\/2015\/10\/Mrk-f\u00fcr-Partner.png 478w\" sizes=\"auto, (max-width: 300px) 100vw, 300px\" \/><\/a><\/p>\n<p><a href=\"http:\/\/www.ampexit.com\/\" target=\"_blank\"><img loading=\"lazy\" decoding=\"async\" class=\"alignleft wp-image-242 size-medium\" src=\"http:\/\/map-group.mrkonline.de\/wp-content\/uploads\/2015\/10\/Ampex-f\u00fcr-Partner-300x45.jpg\" alt=\"Ampex f\u00fcr Partner\" width=\"300\" height=\"45\" srcset=\"http:\/\/mapgroup.apps-1and1.net\/wp-content\/uploads\/2015\/10\/Ampex-f\u00fcr-Partner-300x45.jpg 300w, http:\/\/mapgroup.apps-1and1.net\/wp-content\/uploads\/2015\/10\/Ampex-f\u00fcr-Partner-250x37.jpg 250w, http:\/\/mapgroup.apps-1and1.net\/wp-content\/uploads\/2015\/10\/Ampex-f\u00fcr-Partner.jpg 484w\" sizes=\"auto, (max-width: 300px) 100vw, 300px\" \/><\/a><\/p>\n<p><a href=\"http:\/\/hallenbau.mrkonline.de\/\" target=\"_blank\"><img loading=\"lazy\" decoding=\"async\" class=\"alignleft wp-image-243 size-medium\" src=\"http:\/\/map-group.mrkonline.de\/wp-content\/uploads\/2015\/10\/Logo-300x119.png\" alt=\"Logo\" width=\"300\" height=\"119\" srcset=\"http:\/\/mapgroup.apps-1and1.net\/wp-content\/uploads\/2015\/10\/Logo-300x119.png 300w, http:\/\/mapgroup.apps-1and1.net\/wp-content\/uploads\/2015\/10\/Logo-250x99.png 250w, http:\/\/mapgroup.apps-1and1.net\/wp-content\/uploads\/2015\/10\/Logo.png 467w\" sizes=\"auto, (max-width: 300px) 100vw, 300px\" \/><\/a><\/p>\n","protected":false},"excerpt":{"rendered":"<p>Partner esperti con i migliori nel settore: il gruppo MAP lavora insieme a partner altamente qualificati da settori differenti. Gli esperti beneficiano della vostra competenza, pluriennale esperienza e dei contatti dei partner. Perci\u00f2 \u00e8 emersa una rete affidabile e unica, che nel campo dell&#8217;innovazione \u00e8 una delle migliori in Germania. I nostri partner di sviluppo<\/p>\n","protected":false},"author":1,"featured_media":0,"parent":0,"menu_order":0,"comment_status":"closed","ping_status":"closed","template":"","meta":{"_exactmetrics_skip_tracking":false,"_exactmetrics_sitenote_active":false,"_exactmetrics_sitenote_note":"","_exactmetrics_sitenote_category":0,"footnotes":""},"class_list":["post-241","page","type-page","status-publish","hentry"],"translation":{"provider":"WPGlobus","version":"3.0.2","language":"it","enabled_languages":["de","it"],"languages":{"de":{"title":true,"content":true,"excerpt":false},"it":{"title":true,"content":true,"excerpt":false}}},"yoast_head":"<!-- This site is optimized with the Yoast SEO plugin v27.5 - https:\/\/yoast.com\/product\/yoast-seo-wordpress\/ -->\n<title>I nostri partner - MAP Group<\/title>\n<meta name=\"robots\" content=\"noindex, follow, max-snippet:-1, max-image-preview:large, max-video-preview:-1\" \/>\n<meta property=\"og:locale\" content=\"it_IT\" \/>\n<meta property=\"og:type\" content=\"article\" \/>\n<meta property=\"og:title\" content=\"I nostri partner - MAP Group\" \/>\n<meta property=\"og:url\" content=\"http:\/\/mapgroup.apps-1and1.net\/it\/unsere-partner\" \/>\n<meta property=\"og:site_name\" content=\"MAP Group\" \/>\n<meta property=\"article:modified_time\" content=\"2016-04-26T06:51:43+00:00\" \/>\n<meta property=\"og:image\" content=\"http:\/\/map-group.mrkonline.de\/wp-content\/uploads\/2015\/10\/Logo-300x119.png\" \/>\n<meta name=\"twitter:card\" content=\"summary_large_image\" \/>\n<meta name=\"twitter:label1\" content=\"Est. reading time\" \/>\n\t<meta name=\"twitter:data1\" content=\"1 minute\" \/>\n<script type=\"application\/ld+json\" class=\"yoast-schema-graph\">{\"@context\":\"https:\\\/\\\/schema.org\",\"@graph\":[{\"@type\":\"WebPage\",\"@id\":\"http:\\\/\\\/mapgroup.apps-1and1.net\\\/it\\\/unsere-partner\",\"url\":\"http:\\\/\\\/mapgroup.apps-1and1.net\\\/it\\\/unsere-partner\",\"name\":\"I nostri partner - MAP Group\",\"isPartOf\":{\"@id\":\"http:\\\/\\\/mapgroup.apps-1and1.net\\\/#website\"},\"primaryImageOfPage\":{\"@id\":\"http:\\\/\\\/mapgroup.apps-1and1.net\\\/it\\\/unsere-partner#primaryimage\"},\"image\":{\"@id\":\"http:\\\/\\\/mapgroup.apps-1and1.net\\\/it\\\/unsere-partner#primaryimage\"},\"thumbnailUrl\":\"http:\\\/\\\/map-group.mrkonline.de\\\/wp-content\\\/uploads\\\/2015\\\/10\\\/Logo-300x119.png\",\"datePublished\":\"2015-10-19T12:16:50+00:00\",\"dateModified\":\"2016-04-26T06:51:43+00:00\",\"breadcrumb\":{\"@id\":\"http:\\\/\\\/mapgroup.apps-1and1.net\\\/it\\\/unsere-partner#breadcrumb\"},\"inLanguage\":\"it-IT\",\"potentialAction\":[{\"@type\":\"ReadAction\",\"target\":[\"http:\\\/\\\/mapgroup.apps-1and1.net\\\/it\\\/unsere-partner\"]}]},{\"@type\":\"ImageObject\",\"inLanguage\":\"it-IT\",\"@id\":\"http:\\\/\\\/mapgroup.apps-1and1.net\\\/it\\\/unsere-partner#primaryimage\",\"url\":\"http:\\\/\\\/map-group.mrkonline.de\\\/wp-content\\\/uploads\\\/2015\\\/10\\\/Logo-300x119.png\",\"contentUrl\":\"http:\\\/\\\/map-group.mrkonline.de\\\/wp-content\\\/uploads\\\/2015\\\/10\\\/Logo-300x119.png\"},{\"@type\":\"BreadcrumbList\",\"@id\":\"http:\\\/\\\/mapgroup.apps-1and1.net\\\/it\\\/unsere-partner#breadcrumb\",\"itemListElement\":[{\"@type\":\"ListItem\",\"position\":1,\"name\":\"Home\",\"item\":\"http:\\\/\\\/mapgroup.apps-1and1.net\\\/\"},{\"@type\":\"ListItem\",\"position\":2,\"name\":\"I nostri partner\"}]},{\"@type\":\"WebSite\",\"@id\":\"http:\\\/\\\/mapgroup.apps-1and1.net\\\/#website\",\"url\":\"http:\\\/\\\/mapgroup.apps-1and1.net\\\/\",\"name\":\"MAP Group\",\"description\":\"Beteiligungen und Konzepte\",\"potentialAction\":[{\"@type\":\"SearchAction\",\"target\":{\"@type\":\"EntryPoint\",\"urlTemplate\":\"http:\\\/\\\/mapgroup.apps-1and1.net\\\/?s={search_term_string}\"},\"query-input\":{\"@type\":\"PropertyValueSpecification\",\"valueRequired\":true,\"valueName\":\"search_term_string\"}}],\"inLanguage\":\"it-IT\"}]}<\/script>\n<!-- \/ Yoast SEO plugin. -->","yoast_head_json":{"title":"I nostri partner - MAP Group","robots":{"index":"noindex","follow":"follow","max-snippet":"max-snippet:-1","max-image-preview":"max-image-preview:large","max-video-preview":"max-video-preview:-1"},"og_locale":"it_IT","og_type":"article","og_title":"I nostri partner - MAP Group","og_url":"http:\/\/mapgroup.apps-1and1.net\/it\/unsere-partner","og_site_name":"MAP Group","article_modified_time":"2016-04-26T06:51:43+00:00","og_image":[{"url":"http:\/\/map-group.mrkonline.de\/wp-content\/uploads\/2015\/10\/Logo-300x119.png","type":"","width":"","height":""}],"twitter_card":"summary_large_image","twitter_misc":{"Est. reading time":"1 minute"},"schema":{"@context":"https:\/\/schema.org","@graph":[{"@type":"WebPage","@id":"http:\/\/mapgroup.apps-1and1.net\/it\/unsere-partner","url":"http:\/\/mapgroup.apps-1and1.net\/it\/unsere-partner","name":"I nostri partner - MAP Group","isPartOf":{"@id":"http:\/\/mapgroup.apps-1and1.net\/#website"},"primaryImageOfPage":{"@id":"http:\/\/mapgroup.apps-1and1.net\/it\/unsere-partner#primaryimage"},"image":{"@id":"http:\/\/mapgroup.apps-1and1.net\/it\/unsere-partner#primaryimage"},"thumbnailUrl":"http:\/\/map-group.mrkonline.de\/wp-content\/uploads\/2015\/10\/Logo-300x119.png","datePublished":"2015-10-19T12:16:50+00:00","dateModified":"2016-04-26T06:51:43+00:00","breadcrumb":{"@id":"http:\/\/mapgroup.apps-1and1.net\/it\/unsere-partner#breadcrumb"},"inLanguage":"it-IT","potentialAction":[{"@type":"ReadAction","target":["http:\/\/mapgroup.apps-1and1.net\/it\/unsere-partner"]}]},{"@type":"ImageObject","inLanguage":"it-IT","@id":"http:\/\/mapgroup.apps-1and1.net\/it\/unsere-partner#primaryimage","url":"http:\/\/map-group.mrkonline.de\/wp-content\/uploads\/2015\/10\/Logo-300x119.png","contentUrl":"http:\/\/map-group.mrkonline.de\/wp-content\/uploads\/2015\/10\/Logo-300x119.png"},{"@type":"BreadcrumbList","@id":"http:\/\/mapgroup.apps-1and1.net\/it\/unsere-partner#breadcrumb","itemListElement":[{"@type":"ListItem","position":1,"name":"Home","item":"http:\/\/mapgroup.apps-1and1.net\/"},{"@type":"ListItem","position":2,"name":"I nostri partner"}]},{"@type":"WebSite","@id":"http:\/\/mapgroup.apps-1and1.net\/#website","url":"http:\/\/mapgroup.apps-1and1.net\/","name":"MAP Group","description":"Beteiligungen und Konzepte","potentialAction":[{"@type":"SearchAction","target":{"@type":"EntryPoint","urlTemplate":"http:\/\/mapgroup.apps-1and1.net\/?s={search_term_string}"},"query-input":{"@type":"PropertyValueSpecification","valueRequired":true,"valueName":"search_term_string"}}],"inLanguage":"it-IT"}]}},"_links":{"self":[{"href":"http:\/\/mapgroup.apps-1and1.net\/it\/wp-json\/wp\/v2\/pages\/241","targetHints":{"allow":["GET"]}}],"collection":[{"href":"http:\/\/mapgroup.apps-1and1.net\/it\/wp-json\/wp\/v2\/pages"}],"about":[{"href":"http:\/\/mapgroup.apps-1and1.net\/it\/wp-json\/wp\/v2\/types\/page"}],"author":[{"embeddable":true,"href":"http:\/\/mapgroup.apps-1and1.net\/it\/wp-json\/wp\/v2\/users\/1"}],"replies":[{"embeddable":true,"href":"http:\/\/mapgroup.apps-1and1.net\/it\/wp-json\/wp\/v2\/comments?post=241"}],"version-history":[{"count":33,"href":"http:\/\/mapgroup.apps-1and1.net\/it\/wp-json\/wp\/v2\/pages\/241\/revisions"}],"predecessor-version":[{"id":249,"href":"http:\/\/mapgroup.apps-1and1.net\/it\/wp-json\/wp\/v2\/pages\/241\/revisions\/249"}],"wp:attachment":[{"href":"http:\/\/mapgroup.apps-1and1.net\/it\/wp-json\/wp\/v2\/media?parent=241"}],"curies":[{"name":"wp","href":"https:\/\/api.w.org\/{rel}","templated":true}]}}